{"id":1832,"date":"2016-08-03T18:59:28","date_gmt":"2016-08-03T18:59:28","guid":{"rendered":"http:\/\/webdesign2.lt.varanas.serveriai.lt\/?page_id=1832"},"modified":"2016-08-30T06:53:38","modified_gmt":"2016-08-30T06:53:38","slug":"public-sector","status":"publish","type":"page","link":"https:\/\/www.energyon.pl\/en\/products-services\/public-sector\/","title":{"rendered":"Public sector"},"content":{"rendered":"<p>[vc_row css=&#8221;.vc_custom_1459506769570{margin-bottom: 100px !important;}&#8221;][vc_column offset=&#8221;vc_col-lg-9 vc_col-md-9&#8243;][vc_column_text]<\/p>\n<p style=\"text-align: justify;\">We offer a full range of products and services for the public sector, starting from data centers, ups, emergency lighting, air conditioning or access control.<\/p>\n<p>[\/vc_column_text][vc_row_inner css=&#8221;.vc_custom_1471031110683{margin-bottom: 20px !important;}&#8221;][vc_column_inner width=&#8221;1\/3&#8243;][stm_info_box style=&#8221;style_4&#8243; title=&#8221;Administration&#8221; image=&#8221;2502&#8243; vc_image_size=&#8221;medium&#8221; link=&#8221;url:%2Fen%2Fproducts-services%2Fpublic-sector%2Fadministration%2F|title:Read%20more|&#8221;]<\/p>\n<p style=\"text-align: justify;\">Public administration has special requirements, the answer to which is prepared specifically for this sector offer of our company.<\/p>\n<p>[\/stm_info_box][\/vc_column_inner][vc_column_inner width=&#8221;1\/3&#8243;][stm_info_box style=&#8221;style_4&#8243; title=&#8221;Hospitals&#8221; image=&#8221;2532&#8243; vc_image_size=&#8221;medium&#8221; link=&#8221;url:%2Fen%2Fproducts-services%2Fpublic-sector%2Fhospitals%2F|title:Read%20more|&#8221;]<\/p>\n<p style=\"text-align: justify;\">Hospitals, clinics, one day hospitals and health care buildings have special requirements for the equipment related to their activities.<\/p>\n<p>[\/stm_info_box][\/vc_column_inner][vc_column_inner width=&#8221;1\/3&#8243;][stm_info_box style=&#8221;style_4&#8243; title=&#8221;Airports&#8221; image=&#8221;2504&#8243; vc_image_size=&#8221;medium&#8221; link=&#8221;url:%2Fen%2Fproducts-services%2Fpublic-sector%2Fairports%2F|title:Read%20more|&#8221;]<\/p>\n<p style=\"text-align: justify;\">Airports are places where the requirements for power supply have special importance for the safety of people in buildings or aircrafts.<\/p>\n<p>[\/stm_info_box][\/vc_column_inner][\/vc_row_inner][vc_row_inner css=&#8221;.vc_custom_1471031110683{margin-bottom: 20px !important;}&#8221;][vc_column_inner width=&#8221;1\/3&#8243;][stm_info_box style=&#8221;style_4&#8243; title=&#8221;Police&#8221; image=&#8221;2537&#8243; vc_image_size=&#8221;medium&#8221; link=&#8221;url:%2Fen%2Fproducts-services%2Fpublic-sector%2Fpolice%2F|title:Read%20more|&#8221;]<\/p>\n<p style=\"text-align: justify;\">Podstawowym \u017ar\u00f3d\u0142em zasilania energetycznego obiekt\u00f3w Policji jest zawodowa sie\u0107 energetyczna.<\/p>\n<p>[\/stm_info_box][\/vc_column_inner][vc_column_inner width=&#8221;1\/3&#8243;][stm_info_box style=&#8221;style_4&#8243; title=&#8221;Military&#8221; image=&#8221;2552&#8243; vc_image_size=&#8221;medium&#8221; link=&#8221;url:%2Fen%2Fproducts-services%2Fpublic-sector%2Fmilitary%2F|title:Read%20more|&#8221;]<\/p>\n<p style=\"text-align: justify;\">Company energyone has a range of equipment responding to the expectations of such customer as army.<\/p>\n<p>[\/stm_info_box][\/vc_column_inner][vc_column_inner width=&#8221;1\/3&#8243;][stm_info_box style=&#8221;style_4&#8243; title=&#8221;Railway&#8221; image=&#8221;2534&#8243; vc_image_size=&#8221;medium&#8221; link=&#8221;url:%2Fen%2Fproducts-services%2Fpublic-sector%2Frailway%2F|title:Read%20more|&#8221;]<\/p>\n<p style=\"text-align: justify;\">Railway market, as well as other special sectors of economy, requires special power supply solutions.<\/p>\n<p>[\/stm_info_box][\/vc_column_inner][\/vc_row_inner][vc_row_inner css=&#8221;.vc_custom_1471031110683{margin-bottom: 20px !important;}&#8221;][vc_column_inner width=&#8221;1\/3&#8243;][stm_info_box style=&#8221;style_4&#8243; title=&#8221;City transport&#8221; image=&#8221;2507&#8243; vc_image_size=&#8221;medium&#8221; link=&#8221;url:%2Fen%2Fproducts-services%2Fpublic-sector%2Fcity-transport%2F|title:Read%20more|&#8221;]<\/p>\n<p style=\"text-align: justify;\">City transport consisting of trams and trolley buses is another sector where we can offer our equipment.<\/p>\n<p>[\/stm_info_box][\/vc_column_inner][vc_column_inner width=&#8221;1\/3&#8243;][\/vc_column_inner][vc_column_inner width=&#8221;1\/3&#8243;][\/vc_column_inner][\/vc_row_inner][\/vc_column][vc_column width=&#8221;1\/4&#8243; offset=&#8221;vc_hidden-sm vc_hidden-xs&#8221;][stm_sidebar sidebar=&#8221;573&#8243;][\/vc_column][\/vc_row]<\/p>\n","protected":false},"excerpt":{"rendered":"<p>[vc_row css=&#8221;.vc_custom_1459506769570{margin-bottom: 100px !important;}&#8221;][vc_column offset=&#8221;vc_col-lg-9 vc_col-md-9&#8243;][vc_column_text] We offer a full range of products and services for the public sector, starting from data centers, ups, emergency lighting, air conditioning or access control. [\/vc_column_text][vc_row_inner css=&#8221;.vc_custom_1471031110683{margin-bottom: 20px !important;}&#8221;][vc_column_inner width=&#8221;1\/3&#8243;][stm_info_box style=&#8221;style_4&#8243; title=&#8221;Administration&#8221; image=&#8221;2502&#8243; vc_image_size=&#8221;medium&#8221; link=&#8221;url:%2Fen%2Fproducts-services%2Fpublic-sector%2Fadministration%2F|title:Read%20more|&#8221;] Public administration has special requirements, the answer to which is prepared specifically for this<\/p>\n","protected":false},"author":1,"featured_media":0,"parent":1816,"menu_order":0,"comment_status":"closed","ping_status":"closed","template":"","meta":{"footnotes":""},"yoast_head":"<!-- This site is optimized with the Yoast SEO plugin v24.5 - https:\/\/yoast.com\/wordpress\/plugins\/seo\/ -->\n<title>Public sector - EnergyOn<\/title>\n<meta name=\"robots\" content=\"index, follow, max-snippet:-1, max-image-preview:large, max-video-preview:-1\" \/>\n<link rel=\"canonical\" href=\"https:\/\/www.energyon.pl\/en\/products-services\/public-sector\/\" \/>\n<meta property=\"og:locale\" content=\"en_US\" \/>\n<meta property=\"og:type\" content=\"article\" \/>\n<meta property=\"og:title\" content=\"Public sector - EnergyOn\" \/>\n<meta property=\"og:description\" content=\"[vc_row css=&#8221;.vc_custom_1459506769570{margin-bottom: 100px !important;}&#8221;][vc_column offset=&#8221;vc_col-lg-9 vc_col-md-9&#8243;][vc_column_text] We offer a full range of products and services for the public sector, starting from data centers, ups, emergency lighting, air conditioning or access control. [\/vc_column_text][vc_row_inner css=&#8221;.vc_custom_1471031110683{margin-bottom: 20px !important;}&#8221;][vc_column_inner width=&#8221;1\/3&#8243;][stm_info_box style=&#8221;style_4&#8243; title=&#8221;Administration&#8221; image=&#8221;2502&#8243; vc_image_size=&#8221;medium&#8221; link=&#8221;url:%2Fen%2Fproducts-services%2Fpublic-sector%2Fadministration%2F|title:Read%20more|&#8221;] Public administration has special requirements, the answer to which is prepared specifically for this\" \/>\n<meta property=\"og:url\" content=\"https:\/\/www.energyon.pl\/en\/products-services\/public-sector\/\" \/>\n<meta property=\"og:site_name\" content=\"EnergyOn\" \/>\n<meta property=\"article:modified_time\" content=\"2016-08-30T06:53:38+00:00\" \/>\n<meta name=\"twitter:card\" content=\"summary_large_image\" \/>\n<meta name=\"twitter:label1\" content=\"Est. reading time\" \/>\n\t<meta name=\"twitter:data1\" content=\"2 minutes\" \/>\n<script type=\"application\/ld+json\" class=\"yoast-schema-graph\">{\"@context\":\"https:\/\/schema.org\",\"@graph\":[{\"@type\":\"WebPage\",\"@id\":\"https:\/\/www.energyon.pl\/en\/products-services\/public-sector\/\",\"url\":\"https:\/\/www.energyon.pl\/en\/products-services\/public-sector\/\",\"name\":\"Public sector - EnergyOn\",\"isPartOf\":{\"@id\":\"https:\/\/www.energyon.pl\/#website\"},\"datePublished\":\"2016-08-03T18:59:28+00:00\",\"dateModified\":\"2016-08-30T06:53:38+00:00\",\"breadcrumb\":{\"@id\":\"https:\/\/www.energyon.pl\/en\/products-services\/public-sector\/#breadcrumb\"},\"inLanguage\":\"en-US\",\"potentialAction\":[{\"@type\":\"ReadAction\",\"target\":[\"https:\/\/www.energyon.pl\/en\/products-services\/public-sector\/\"]}]},{\"@type\":\"BreadcrumbList\",\"@id\":\"https:\/\/www.energyon.pl\/en\/products-services\/public-sector\/#breadcrumb\",\"itemListElement\":[{\"@type\":\"ListItem\",\"position\":1,\"name\":\"Home\",\"item\":\"https:\/\/www.energyon.pl\/en\/\"},{\"@type\":\"ListItem\",\"position\":2,\"name\":\"Products &#038; Services\",\"item\":\"https:\/\/www.energyon.pl\/en\/products-services\/\"},{\"@type\":\"ListItem\",\"position\":3,\"name\":\"Public sector\"}]},{\"@type\":\"WebSite\",\"@id\":\"https:\/\/www.energyon.pl\/#website\",\"url\":\"https:\/\/www.energyon.pl\/\",\"name\":\"EnergyOn\",\"description\":\"Innovative solutions\",\"potentialAction\":[{\"@type\":\"SearchAction\",\"target\":{\"@type\":\"EntryPoint\",\"urlTemplate\":\"https:\/\/www.energyon.pl\/?s={search_term_string}\"},\"query-input\":{\"@type\":\"PropertyValueSpecification\",\"valueRequired\":true,\"valueName\":\"search_term_string\"}}],\"inLanguage\":\"en-US\"}]}<\/script>\n<!-- \/ Yoast SEO plugin. -->","yoast_head_json":{"title":"Public sector - EnergyOn","robots":{"index":"index","follow":"follow","max-snippet":"max-snippet:-1","max-image-preview":"max-image-preview:large","max-video-preview":"max-video-preview:-1"},"canonical":"https:\/\/www.energyon.pl\/en\/products-services\/public-sector\/","og_locale":"en_US","og_type":"article","og_title":"Public sector - EnergyOn","og_description":"[vc_row css=&#8221;.vc_custom_1459506769570{margin-bottom: 100px !important;}&#8221;][vc_column offset=&#8221;vc_col-lg-9 vc_col-md-9&#8243;][vc_column_text] We offer a full range of products and services for the public sector, starting from data centers, ups, emergency lighting, air conditioning or access control. [\/vc_column_text][vc_row_inner css=&#8221;.vc_custom_1471031110683{margin-bottom: 20px !important;}&#8221;][vc_column_inner width=&#8221;1\/3&#8243;][stm_info_box style=&#8221;style_4&#8243; title=&#8221;Administration&#8221; image=&#8221;2502&#8243; vc_image_size=&#8221;medium&#8221; link=&#8221;url:%2Fen%2Fproducts-services%2Fpublic-sector%2Fadministration%2F|title:Read%20more|&#8221;] Public administration has special requirements, the answer to which is prepared specifically for this","og_url":"https:\/\/www.energyon.pl\/en\/products-services\/public-sector\/","og_site_name":"EnergyOn","article_modified_time":"2016-08-30T06:53:38+00:00","twitter_card":"summary_large_image","twitter_misc":{"Est. reading time":"2 minutes"},"schema":{"@context":"https:\/\/schema.org","@graph":[{"@type":"WebPage","@id":"https:\/\/www.energyon.pl\/en\/products-services\/public-sector\/","url":"https:\/\/www.energyon.pl\/en\/products-services\/public-sector\/","name":"Public sector - EnergyOn","isPartOf":{"@id":"https:\/\/www.energyon.pl\/#website"},"datePublished":"2016-08-03T18:59:28+00:00","dateModified":"2016-08-30T06:53:38+00:00","breadcrumb":{"@id":"https:\/\/www.energyon.pl\/en\/products-services\/public-sector\/#breadcrumb"},"inLanguage":"en-US","potentialAction":[{"@type":"ReadAction","target":["https:\/\/www.energyon.pl\/en\/products-services\/public-sector\/"]}]},{"@type":"BreadcrumbList","@id":"https:\/\/www.energyon.pl\/en\/products-services\/public-sector\/#breadcrumb","itemListElement":[{"@type":"ListItem","position":1,"name":"Home","item":"https:\/\/www.energyon.pl\/en\/"},{"@type":"ListItem","position":2,"name":"Products &#038; Services","item":"https:\/\/www.energyon.pl\/en\/products-services\/"},{"@type":"ListItem","position":3,"name":"Public sector"}]},{"@type":"WebSite","@id":"https:\/\/www.energyon.pl\/#website","url":"https:\/\/www.energyon.pl\/","name":"EnergyOn","description":"Innovative solutions","potentialAction":[{"@type":"SearchAction","target":{"@type":"EntryPoint","urlTemplate":"https:\/\/www.energyon.pl\/?s={search_term_string}"},"query-input":{"@type":"PropertyValueSpecification","valueRequired":true,"valueName":"search_term_string"}}],"inLanguage":"en-US"}]}},"_links":{"self":[{"href":"https:\/\/www.energyon.pl\/en\/wp-json\/wp\/v2\/pages\/1832"}],"collection":[{"href":"https:\/\/www.energyon.pl\/en\/wp-json\/wp\/v2\/pages"}],"about":[{"href":"https:\/\/www.energyon.pl\/en\/wp-json\/wp\/v2\/types\/page"}],"author":[{"embeddable":true,"href":"https:\/\/www.energyon.pl\/en\/wp-json\/wp\/v2\/users\/1"}],"replies":[{"embeddable":true,"href":"https:\/\/www.energyon.pl\/en\/wp-json\/wp\/v2\/comments?post=1832"}],"version-history":[{"count":0,"href":"https:\/\/www.energyon.pl\/en\/wp-json\/wp\/v2\/pages\/1832\/revisions"}],"up":[{"embeddable":true,"href":"https:\/\/www.energyon.pl\/en\/wp-json\/wp\/v2\/pages\/1816"}],"wp:attachment":[{"href":"https:\/\/www.energyon.pl\/en\/wp-json\/wp\/v2\/media?parent=1832"}],"curies":[{"name":"wp","href":"https:\/\/api.w.org\/{rel}","templated":true}]}}